{"id":777,"date":"2024-06-05T05:29:54","date_gmt":"2024-06-05T05:29:54","guid":{"rendered":"https:\/\/www.delfiore.com\/accueil\/"},"modified":"2024-07-13T10:20:52","modified_gmt":"2024-07-13T10:20:52","slug":"accueil","status":"publish","type":"page","link":"https:\/\/www.delfiore.com\/fr\/","title":{"rendered":"Accueil"},"content":{"rendered":"\t\t<div data-elementor-type=\"wp-page\" data-elementor-id=\"777\" class=\"elementor elementor-777 elementor-16\" data-elementor-post-type=\"page\">\n\t\t\t\t\t\t<section class=\"elementor-section elementor-top-section elementor-element elementor-element-ae87394 elementor-section-height-min-height elementor-section-items-bottom elementor-section-boxed elementor-section-height-default\" data-id=\"ae87394\" data-element_type=\"section\" data-e-type=\"section\" data-settings=\"{&quot;background_background&quot;:&quot;video&quot;,&quot;background_video_link&quot;:&quot;https:\\\/\\\/www.delfiore.com\\\/wp-content\\\/uploads\\\/2024\\\/07\\\/Video-sfondo-che-continua-a-girare-senza-stacco-1.mp4&quot;,&quot;background_play_on_mobile&quot;:&quot;yes&quot;}\">\n\t\t\t\t\t\t\t\t<div class=\"elementor-background-video-container\">\n\t\t\t\t\t\t\t\t\t\t\t\t\t<video class=\"elementor-background-video-hosted\" role=\"presentation\" autoplay muted playsinline loop><\/video>\n\t\t\t\t\t\t\t\t\t\t\t<\/div>\n\t\t\t\t\t\t\t\t\t<div class=\"elementor-background-overlay\"><\/div>\n\t\t\t\t\t\t\t<div class=\"elementor-container elementor-column-gap-default\">\n\t\t\t\t\t<div class=\"elementor-column elementor-col-100 elementor-top-column elementor-element elementor-element-bd9409e\" data-id=\"bd9409e\" data-element_type=\"column\" data-e-type=\"column\">\n\t\t\t<div class=\"elementor-widget-wrap elementor-element-populated\">\n\t\t\t\t\t\t<div class=\"elementor-element elementor-element-8127c30 elementor-widget elementor-widget-heading\" data-id=\"8127c30\" data-element_type=\"widget\" data-e-type=\"widget\" data-widget_type=\"heading.default\">\n\t\t\t\t<div class=\"elementor-widget-container\">\n\t\t\t\t\t<h1 class=\"elementor-heading-title elementor-size-default\">Del Fiore Pietre Fini SA<\/h1>\t\t\t\t<\/div>\n\t\t\t\t<\/div>\n\t\t\t\t<div class=\"elementor-element elementor-element-91ef0d6 elementor-widget elementor-widget-heading\" data-id=\"91ef0d6\" data-element_type=\"widget\" data-e-type=\"widget\" data-widget_type=\"heading.default\">\n\t\t\t\t<div class=\"elementor-widget-container\">\n\t\t\t\t\t<p class=\"elementor-heading-title elementor-size-default\">Bienvenue chez Del Fiore Pietre Fini SA, votre partenaire de confiance pour la taille de pr\u00e9cision des pierres synth\u00e9tiques !<\/p>\t\t\t\t<\/div>\n\t\t\t\t<\/div>\n\t\t\t\t\t<\/div>\n\t\t<\/div>\n\t\t\t\t\t<\/div>\n\t\t<\/section>\n\t\t\t\t<section class=\"elementor-section elementor-top-section elementor-element elementor-element-33f03e8 elementor-section-content-middle elementor-section-boxed elementor-section-height-default elementor-section-height-default\" data-id=\"33f03e8\" data-element_type=\"section\" data-e-type=\"section\" data-settings=\"{&quot;background_background&quot;:&quot;classic&quot;}\">\n\t\t\t\t\t\t<div class=\"elementor-container elementor-column-gap-extended\">\n\t\t\t\t\t<div class=\"elementor-column elementor-col-50 elementor-top-column elementor-element elementor-element-4a9fa13\" data-id=\"4a9fa13\" data-element_type=\"column\" data-e-type=\"column\">\n\t\t\t<div class=\"elementor-widget-wrap elementor-element-populated\">\n\t\t\t\t\t\t<div class=\"elementor-element elementor-element-8345836 elementor-widget elementor-widget-heading\" data-id=\"8345836\" data-element_type=\"widget\" data-e-type=\"widget\" data-widget_type=\"heading.default\">\n\t\t\t\t<div class=\"elementor-widget-container\">\n\t\t\t\t\t<h2 class=\"elementor-heading-title elementor-size-default\">\u00c0 propos de nous<\/h2>\t\t\t\t<\/div>\n\t\t\t\t<\/div>\n\t\t\t\t<div class=\"elementor-element elementor-element-3e27717 elementor-widget elementor-widget-heading\" data-id=\"3e27717\" data-element_type=\"widget\" data-e-type=\"widget\" data-widget_type=\"heading.default\">\n\t\t\t\t<div class=\"elementor-widget-container\">\n\t\t\t\t\t<p class=\"elementor-heading-title elementor-size-default\">Forts d'un h\u00e9ritage de pr\u00e8s de neuf d\u00e9cennies et d'un lien profond avec l'artisanat, nous nous consacrons \u00e0 l'avancement de l'art de la taille et de la fourniture de pierres synth\u00e9tiques.<\/p>\t\t\t\t<\/div>\n\t\t\t\t<\/div>\n\t\t\t\t<div class=\"elementor-element elementor-element-7a3399c elementor-widget elementor-widget-heading\" data-id=\"7a3399c\" data-element_type=\"widget\" data-e-type=\"widget\" data-widget_type=\"heading.default\">\n\t\t\t\t<div class=\"elementor-widget-container\">\n\t\t\t\t\t<p class=\"elementor-heading-title elementor-size-default\">Apr\u00e8s des d\u00e9buts modestes dans la fabrication de rubis synth\u00e9tiques pour l'horlogerie, nous nous sommes sp\u00e9cialis\u00e9s dans la taille de divers mat\u00e9riaux. Notre expertise s'\u00e9tend au saphir, au spinelle, \u00e0 la c\u00e9ramique et \u00e0 d'autres mat\u00e9riaux, minutieusement moul\u00e9s dans de nombreuses formes, des cubes aux cylindres en passant par les rondelles. Nous utilisons le saphir 100% suisse de Timsaph.<\/p>\t\t\t\t<\/div>\n\t\t\t\t<\/div>\n\t\t\t\t<div class=\"elementor-element elementor-element-abdab25 elementor-widget elementor-widget-heading\" data-id=\"abdab25\" data-element_type=\"widget\" data-e-type=\"widget\" data-widget_type=\"heading.default\">\n\t\t\t\t<div class=\"elementor-widget-container\">\n\t\t\t\t\t<p class=\"elementor-heading-title elementor-size-default\">Rejoignez-nous dans la poursuite de l'excellence en mati\u00e8re de pierres pr\u00e9cieuses synth\u00e9tiques, l\u00e0 o\u00f9 la tradition rencontre l'innovation et o\u00f9 la pr\u00e9cision ne conna\u00eet pas de limites. Ensemble, nous fa\u00e7onnons un avenir \u00e9blouissant dans le monde des pierres pr\u00e9cieuses.<\/p>\t\t\t\t<\/div>\n\t\t\t\t<\/div>\n\t\t\t\t<div class=\"elementor-element elementor-element-c4cc4ea elementor-widget elementor-widget-button\" data-id=\"c4cc4ea\" data-element_type=\"widget\" data-e-type=\"widget\" data-widget_type=\"button.default\">\n\t\t\t\t<div class=\"elementor-widget-container\">\n\t\t\t\t\t\t\t\t\t<div class=\"elementor-button-wrapper\">\n\t\t\t\t\t<a class=\"elementor-button elementor-button-link elementor-size-sm\" href=\"https:\/\/www.delfiore.com\/fr\/about\/\">\n\t\t\t\t\t\t<span class=\"elementor-button-content-wrapper\">\n\t\t\t\t\t\t\t\t\t<span class=\"elementor-button-text\">Histoire<\/span>\n\t\t\t\t\t<\/span>\n\t\t\t\t\t<\/a>\n\t\t\t\t<\/div>\n\t\t\t\t\t\t\t\t<\/div>\n\t\t\t\t<\/div>\n\t\t\t\t\t<\/div>\n\t\t<\/div>\n\t\t\t\t<div class=\"elementor-column elementor-col-50 elementor-top-column elementor-element elementor-element-bc50426\" data-id=\"bc50426\" data-element_type=\"column\" data-e-type=\"column\">\n\t\t\t<div class=\"elementor-widget-wrap elementor-element-populated\">\n\t\t\t\t\t\t<div class=\"elementor-element elementor-element-ccf9a91 elementor-widget elementor-widget-image\" data-id=\"ccf9a91\" data-element_type=\"widget\" data-e-type=\"widget\" data-widget_type=\"image.default\">\n\t\t\t\t<div class=\"elementor-widget-container\">\n\t\t\t\t\t\t\t\t\t\t\t\t\t\t\t<img fetchpriority=\"high\" decoding=\"async\" width=\"1600\" height=\"1517\" src=\"https:\/\/www.delfiore.com\/wp-content\/uploads\/2024\/07\/Controllo-pezzi-zaff.webp\" class=\"attachment-full size-full wp-image-697\" alt=\"\" srcset=\"https:\/\/www.delfiore.com\/wp-content\/uploads\/2024\/07\/Controllo-pezzi-zaff.webp 1600w, https:\/\/www.delfiore.com\/wp-content\/uploads\/2024\/07\/Controllo-pezzi-zaff-300x284.webp 300w, https:\/\/www.delfiore.com\/wp-content\/uploads\/2024\/07\/Controllo-pezzi-zaff-1024x971.webp 1024w, https:\/\/www.delfiore.com\/wp-content\/uploads\/2024\/07\/Controllo-pezzi-zaff-768x728.webp 768w, https:\/\/www.delfiore.com\/wp-content\/uploads\/2024\/07\/Controllo-pezzi-zaff-1536x1456.webp 1536w\" sizes=\"(max-width: 1600px) 100vw, 1600px\" \/>\t\t\t\t\t\t\t\t\t\t\t\t\t\t\t<\/div>\n\t\t\t\t<\/div>\n\t\t\t\t\t<\/div>\n\t\t<\/div>\n\t\t\t\t\t<\/div>\n\t\t<\/section>\n\t\t\t\t<section class=\"elementor-section elementor-top-section elementor-element elementor-element-5f46ed3 elementor-section-boxed elementor-section-height-default elementor-section-height-default\" data-id=\"5f46ed3\" data-element_type=\"section\" data-e-type=\"section\" data-settings=\"{&quot;background_background&quot;:&quot;classic&quot;}\">\n\t\t\t\t\t\t<div class=\"elementor-container elementor-column-gap-extended\">\n\t\t\t\t\t<div class=\"elementor-column elementor-col-50 elementor-top-column elementor-element elementor-element-3e1c474\" data-id=\"3e1c474\" data-element_type=\"column\" data-e-type=\"column\">\n\t\t\t<div class=\"elementor-widget-wrap elementor-element-populated\">\n\t\t\t\t\t\t<div class=\"elementor-element elementor-element-bca6ff6 elementor-widget elementor-widget-ucaddon_hover_text_reveal_content_box\" data-id=\"bca6ff6\" data-element_type=\"widget\" data-e-type=\"widget\" data-widget_type=\"ucaddon_hover_text_reveal_content_box.default\">\n\t\t\t\t<div class=\"elementor-widget-container\">\n\t\t\t\t\t\n<!-- start Content Reveal on Hover -->\n<style>\/* widget: Content Reveal on Hover *\/\n\n.uc_long_content_box {\n\toverflow:hidden;\n}\n.uc_long_content_box *{\n\tbox-sizing: border-box;\n}\n#uc_hover_text_reveal_content_box_elementor_bca6ff6 .uc_long_content_box_holder{\n\tposition: relative;\n    text-align:left;\n    overflow:hidden;\n}\n#uc_hover_text_reveal_content_box_elementor_bca6ff6 .uc_long_content_box_holder .uc_long_content_box_box{\n\tposition: relative;\n}\n\n#uc_hover_text_reveal_content_box_elementor_bca6ff6 .uc_long_content_box_holder .uc_long_content_box_box .uc_image_box{\n\tposition: relative;\n\tbackground-size: cover !important;\n\tbackground-repeat: no-repeat !important;\n\twidth: 100%;\n    background-blend-mode:normal;\n}\n\n#uc_hover_text_reveal_content_box_elementor_bca6ff6 .uc_long_content_box_holder .uc_long_content_box_box .uc_overlay{\n\tposition: absolute;\n\tleft: 0;\n\ttop: 0;\n    right:0;\n    bottom:0;\n\twidth: 100%;\n\theight: 100%;\n\tz-index: 2;\n  transition:1s;\n}\n\n#uc_hover_text_reveal_content_box_elementor_bca6ff6 .uc_long_content_box_holder .uc_long_content_box_box .uc_box_content{\n\tleft: 0;\n    bottom: 0;\n    position: absolute;\n    margin: 0;\n    width: 100%;\n\tz-index: 3;\n\toverflow: hidden;\n\tdisplay: flex;\n    height: 100%;\n    flex-direction: column;\n    justify-content: flex-end;\n}\n\n#uc_hover_text_reveal_content_box_elementor_bca6ff6 .uc_long_content_box_holder .uc_long_content_box_box .uc_box_content .uc_title{\n  transition:0.5s;\t\n}\n\n#uc_hover_text_reveal_content_box_elementor_bca6ff6 .uc_long_content_box_holder .uc_long_content_box_box .uc_box_content {\n  transition:0.5s;\n  transform: translateY(10px);\n}\n.uc_title\n{\n}\n#uc_hover_text_reveal_content_box_elementor_bca6ff6 .uc_long_content_box_holder:hover .uc_long_content_box_box .uc_box_content .uc_title{\n  transform: translateY(-10px);\t\n}\n#uc_hover_text_reveal_content_box_elementor_bca6ff6 .uc_long_content_box_holder .uc_long_content_box_box .uc_box_content .uc_hidden_content{\n\toverflow: hidden;\n    transform: scaleY(0);\n    transform-origin: bottom;\n  transition:0.5s;\n    max-height: 0;\n\topacity: 0;\n}\n\n#uc_hover_text_reveal_content_box_elementor_bca6ff6 .uc_long_content_box_holder:hover .uc_long_content_box_box .uc_box_content .uc_hidden_content{\n    max-height: 100%;\n    transform: scaleY(1);\n    overflow: visible;\n\topacity: 1;\n\t\n}\n\n.uc_box_content .uc_description{\n\tcolor: #fff;\n}\n#uc_hover_text_reveal_content_box_elementor_bca6ff6 .uc_long_content_box_holder .uc_long_content_box_box .uc_box_content .uc_btn{\n\ttext-decoration: none;\n\tdisplay: inline-block;\n    text-align:center;\n  transition:0.5s;\n}\n\n\n\n<\/style>\n\n<div class=\"uc_long_content_box\" id=\"uc_hover_text_reveal_content_box_elementor_bca6ff6\">\n\t\t<div class=\"uc_long_content_box_holder\">\n\t\t\t\n\t\t\t<div class=\"uc_long_content_box_box\">\n\t\t\t\t<div class=\"uc_image_box\" style=\" background-image: url(https:\/\/www.delfiore.com\/wp-content\/uploads\/2024\/07\/Tamisare.webp);\"><\/div>\n\t\t\t\t<div class=\"uc_overlay\" ><\/div>\n\t\t\t\t<div class=\"uc_box_content\">\n\t\t\t\t\t<div class=\"uc_title\">Savoir-faire<\/div>\t\t\t\t\t<div class=\"uc_hidden_content\">\n\t\t\t\t\t\t\t\t\t\t\t\t<a  href=\"https:\/\/www.delfiore.com\/fr\/savoir-faire\/\" class=\"uc_btn\" >Apprendre encore plus<\/a>                        \t\t\t\t\t<\/div>\n\t\t\t\t<\/div>\n\t\t\t<\/div>\n\t\t\t\n\t\t<\/div>\n    <\/div>\n<!-- end Content Reveal on Hover -->\t\t\t\t<\/div>\n\t\t\t\t<\/div>\n\t\t\t\t\t<\/div>\n\t\t<\/div>\n\t\t\t\t<div class=\"elementor-column elementor-col-50 elementor-top-column elementor-element elementor-element-7c6f4f3\" data-id=\"7c6f4f3\" data-element_type=\"column\" data-e-type=\"column\">\n\t\t\t<div class=\"elementor-widget-wrap elementor-element-populated\">\n\t\t\t\t\t\t<div class=\"elementor-element elementor-element-90a5a66 elementor-widget elementor-widget-ucaddon_hover_text_reveal_content_box\" data-id=\"90a5a66\" data-element_type=\"widget\" data-e-type=\"widget\" data-widget_type=\"ucaddon_hover_text_reveal_content_box.default\">\n\t\t\t\t<div class=\"elementor-widget-container\">\n\t\t\t\t\t\n<!-- start Content Reveal on Hover -->\n<style>\/* widget: Content Reveal on Hover *\/\n\n.uc_long_content_box {\n\toverflow:hidden;\n}\n.uc_long_content_box *{\n\tbox-sizing: border-box;\n}\n#uc_hover_text_reveal_content_box_elementor_90a5a66 .uc_long_content_box_holder{\n\tposition: relative;\n    text-align:left;\n    overflow:hidden;\n}\n#uc_hover_text_reveal_content_box_elementor_90a5a66 .uc_long_content_box_holder .uc_long_content_box_box{\n\tposition: relative;\n}\n\n#uc_hover_text_reveal_content_box_elementor_90a5a66 .uc_long_content_box_holder .uc_long_content_box_box .uc_image_box{\n\tposition: relative;\n\tbackground-size: cover !important;\n\tbackground-repeat: no-repeat !important;\n\twidth: 100%;\n    background-blend-mode:normal;\n}\n\n#uc_hover_text_reveal_content_box_elementor_90a5a66 .uc_long_content_box_holder .uc_long_content_box_box .uc_overlay{\n\tposition: absolute;\n\tleft: 0;\n\ttop: 0;\n    right:0;\n    bottom:0;\n\twidth: 100%;\n\theight: 100%;\n\tz-index: 2;\n  transition:1s;\n}\n\n#uc_hover_text_reveal_content_box_elementor_90a5a66 .uc_long_content_box_holder .uc_long_content_box_box .uc_box_content{\n\tleft: 0;\n    bottom: 0;\n    position: absolute;\n    margin: 0;\n    width: 100%;\n\tz-index: 3;\n\toverflow: hidden;\n\tdisplay: flex;\n    height: 100%;\n    flex-direction: column;\n    justify-content: flex-end;\n}\n\n#uc_hover_text_reveal_content_box_elementor_90a5a66 .uc_long_content_box_holder .uc_long_content_box_box .uc_box_content .uc_title{\n  transition:0.5s;\t\n}\n\n#uc_hover_text_reveal_content_box_elementor_90a5a66 .uc_long_content_box_holder .uc_long_content_box_box .uc_box_content {\n  transition:0.5s;\n  transform: translateY(10px);\n}\n.uc_title\n{\n}\n#uc_hover_text_reveal_content_box_elementor_90a5a66 .uc_long_content_box_holder:hover .uc_long_content_box_box .uc_box_content .uc_title{\n  transform: translateY(-10px);\t\n}\n#uc_hover_text_reveal_content_box_elementor_90a5a66 .uc_long_content_box_holder .uc_long_content_box_box .uc_box_content .uc_hidden_content{\n\toverflow: hidden;\n    transform: scaleY(0);\n    transform-origin: bottom;\n  transition:0.5s;\n    max-height: 0;\n\topacity: 0;\n}\n\n#uc_hover_text_reveal_content_box_elementor_90a5a66 .uc_long_content_box_holder:hover .uc_long_content_box_box .uc_box_content .uc_hidden_content{\n    max-height: 100%;\n    transform: scaleY(1);\n    overflow: visible;\n\topacity: 1;\n\t\n}\n\n.uc_box_content .uc_description{\n\tcolor: #fff;\n}\n#uc_hover_text_reveal_content_box_elementor_90a5a66 .uc_long_content_box_holder .uc_long_content_box_box .uc_box_content .uc_btn{\n\ttext-decoration: none;\n\tdisplay: inline-block;\n    text-align:center;\n  transition:0.5s;\n}\n\n\n\n<\/style>\n\n<div class=\"uc_long_content_box\" id=\"uc_hover_text_reveal_content_box_elementor_90a5a66\">\n\t\t<div class=\"uc_long_content_box_holder\">\n\t\t\t\n\t\t\t<div class=\"uc_long_content_box_box\">\n\t\t\t\t<div class=\"uc_image_box\" style=\" background-image: url(https:\/\/www.delfiore.com\/wp-content\/uploads\/2024\/07\/3-boules-e-mezze-lune-rosse.webp);\"><\/div>\n\t\t\t\t<div class=\"uc_overlay\" ><\/div>\n\t\t\t\t<div class=\"uc_box_content\">\n\t\t\t\t\t<div class=\"uc_title\">Produits<\/div>\t\t\t\t\t<div class=\"uc_hidden_content\">\n\t\t\t\t\t\t\t\t\t\t\t\t<a  href=\"https:\/\/www.delfiore.com\/products\/\" class=\"uc_btn\" >Apprendre encore plus<\/a>                        \t\t\t\t\t<\/div>\n\t\t\t\t<\/div>\n\t\t\t<\/div>\n\t\t\t\n\t\t<\/div>\n    <\/div>\n<!-- end Content Reveal on Hover -->\t\t\t\t<\/div>\n\t\t\t\t<\/div>\n\t\t\t\t\t<\/div>\n\t\t<\/div>\n\t\t\t\t\t<\/div>\n\t\t<\/section>\n\t\t\t\t<\/div>\n\t\t","protected":false},"excerpt":{"rendered":"<p>Del Fiore Pietre Fini SA Bienvenue chez Del Fiore Pietre Fini SA, votre partenaire de confiance pour la taille de pr\u00e9cision des pierres synth\u00e9tiques ! \u00c0 propos de nous Forts d&rsquo;un h\u00e9ritage de pr\u00e8s de neuf d\u00e9cennies et d&rsquo;un lien profond avec l&rsquo;artisanat, nous nous consacrons \u00e0 l&rsquo;avancement de l&rsquo;art de la taille et de [&hellip;]<\/p>\n","protected":false},"author":1,"featured_media":0,"parent":0,"menu_order":0,"comment_status":"closed","ping_status":"closed","template":"","meta":{"site-sidebar-layout":"no-sidebar","site-content-layout":"page-builder","ast-site-content-layout":"full-width-container","site-content-style":"unboxed","site-sidebar-style":"unboxed","ast-global-header-display":"","ast-banner-title-visibility":"","ast-main-header-display":"","ast-hfb-above-header-display":"","ast-hfb-below-header-display":"","ast-hfb-mobile-header-display":"","site-post-title":"disabled","ast-breadcrumbs-content":"disabled","ast-featured-img":"disabled","footer-sml-layout":"","ast-disable-related-posts":"","theme-transparent-header-meta":"disabled","adv-header-id-meta":"","stick-header-meta":"default","header-above-stick-meta":"","header-main-stick-meta":"","header-below-stick-meta":"","astra-migrate-meta-layouts":"default","ast-page-background-enabled":"default","ast-page-background-meta":{"desktop":{"background-color":"","background-image":"","background-repeat":"repeat","background-position":"center center","background-size":"auto","background-attachment":"scroll","background-type":"","background-media":"","overlay-type":"","overlay-color":"","overlay-opacity":"","overlay-gradient":""},"tablet":{"background-color":"","background-image":"","background-repeat":"repeat","background-position":"center center","background-size":"auto","background-attachment":"scroll","background-type":"","background-media":"","overlay-type":"","overlay-color":"","overlay-opacity":"","overlay-gradient":""},"mobile":{"background-color":"","background-image":"","background-repeat":"repeat","background-position":"center center","background-size":"auto","background-attachment":"scroll","background-type":"","background-media":"","overlay-type":"","overlay-color":"","overlay-opacity":"","overlay-gradient":""}},"ast-content-background-meta":{"desktop":{"background-color":"var(--ast-global-color-4)","background-image":"","background-repeat":"repeat","background-position":"center center","background-size":"auto","background-attachment":"scroll","background-type":"","background-media":"","overlay-type":"","overlay-color":"","overlay-opacity":"","overlay-gradient":""},"tablet":{"background-color":"var(--ast-global-color-4)","background-image":"","background-repeat":"repeat","background-position":"center center","background-size":"auto","background-attachment":"scroll","background-type":"","background-media":"","overlay-type":"","overlay-color":"","overlay-opacity":"","overlay-gradient":""},"mobile":{"background-color":"var(--ast-global-color-4)","background-image":"","background-repeat":"repeat","background-position":"center center","background-size":"auto","background-attachment":"scroll","background-type":"","background-media":"","overlay-type":"","overlay-color":"","overlay-opacity":"","overlay-gradient":""}},"footnotes":""},"class_list":["post-777","page","type-page","status-publish","hentry"],"_links":{"self":[{"href":"https:\/\/www.delfiore.com\/fr\/wp-json\/wp\/v2\/pages\/777","targetHints":{"allow":["GET"]}}],"collection":[{"href":"https:\/\/www.delfiore.com\/fr\/wp-json\/wp\/v2\/pages"}],"about":[{"href":"https:\/\/www.delfiore.com\/fr\/wp-json\/wp\/v2\/types\/page"}],"author":[{"embeddable":true,"href":"https:\/\/www.delfiore.com\/fr\/wp-json\/wp\/v2\/users\/1"}],"replies":[{"embeddable":true,"href":"https:\/\/www.delfiore.com\/fr\/wp-json\/wp\/v2\/comments?post=777"}],"version-history":[{"count":1,"href":"https:\/\/www.delfiore.com\/fr\/wp-json\/wp\/v2\/pages\/777\/revisions"}],"predecessor-version":[{"id":778,"href":"https:\/\/www.delfiore.com\/fr\/wp-json\/wp\/v2\/pages\/777\/revisions\/778"}],"wp:attachment":[{"href":"https:\/\/www.delfiore.com\/fr\/wp-json\/wp\/v2\/media?parent=777"}],"curies":[{"name":"wp","href":"https:\/\/api.w.org\/{rel}","templated":true}]}}